{"id":229628,"date":"2024-01-05T07:13:51","date_gmt":"2024-01-05T06:13:51","guid":{"rendered":"https:\/\/nuevo.cartagenacookingschool.com\/?post_type=product&#038;p=229628"},"modified":"2024-01-18T03:49:05","modified_gmt":"2024-01-18T02:49:05","slug":"degustacion-de-frutas","status":"publish","type":"product","link":"https:\/\/nuevo.cartagenacookingschool.com\/es\/producto\/degustacion-de-frutas\/","title":{"rendered":"Degustaci\u00f3n De Frutas"},"content":{"rendered":"<p>Explora la explosi\u00f3n de sabores tropicales con nuestras clases de degustaci\u00f3n de frutas locales de Cartagena. Sum\u00e9rgete en la frescura y la diversidad de las frutas de la regi\u00f3n mientras aprendes a apreciar sus matices \u00fanicos. \u00a1Reserva tu clase ahora y d\u00e9jate llevar por una experiencia refrescante llena de deliciosos descubrimientos!<\/p>\n<ul>\n<li class=\"bullet-checkmark\">Lunes a s\u00e1bado<\/li>\n<li class=\"bullet-checkmark\">Cupos a solicitud<\/li>\n<li class=\"bullet-checkmark\">Clases en Ingles &amp; espa\u00f1ol<\/li>\n<li class=\"bullet-checkmark\">No requiere conocimiento previo<\/li>\n<\/ul>","protected":false},"excerpt":{"rendered":"<p>Explora la explosi\u00f3n de sabores tropicales con nuestras clases de degustaci\u00f3n de frutas locales de Cartagena. Sum\u00e9rgete en la frescura y la diversidad de las frutas de la regi\u00f3n mientras aprendes a apreciar sus matices \u00fanicos. \u00a1Reserva tu clase ahora y d\u00e9jate llevar por una experiencia refrescante llena de deliciosos descubrimientos! Lunes a s\u00e1bado Cupos [&hellip;]<\/p>","protected":false},"featured_media":229658,"comment_status":"closed","ping_status":"closed","template":"","meta":{"_et_pb_use_builder":"","_et_pb_old_content":"","_et_gb_content_width":""},"product_cat":[20,21],"product_tag":[],"aioseo_notices":[],"_links":{"self":[{"href":"https:\/\/nuevo.cartagenacookingschool.com\/es\/wp-json\/wp\/v2\/product\/229628"}],"collection":[{"href":"https:\/\/nuevo.cartagenacookingschool.com\/es\/wp-json\/wp\/v2\/product"}],"about":[{"href":"https:\/\/nuevo.cartagenacookingschool.com\/es\/wp-json\/wp\/v2\/types\/product"}],"replies":[{"embeddable":true,"href":"https:\/\/nuevo.cartagenacookingschool.com\/es\/wp-json\/wp\/v2\/comments?post=229628"}],"wp:featuredmedia":[{"embeddable":true,"href":"https:\/\/nuevo.cartagenacookingschool.com\/es\/wp-json\/wp\/v2\/media\/229658"}],"wp:attachment":[{"href":"https:\/\/nuevo.cartagenacookingschool.com\/es\/wp-json\/wp\/v2\/media?parent=229628"}],"wp:term":[{"taxonomy":"product_cat","embeddable":true,"href":"https:\/\/nuevo.cartagenacookingschool.com\/es\/wp-json\/wp\/v2\/product_cat?post=229628"},{"taxonomy":"product_tag","embeddable":true,"href":"https:\/\/nuevo.cartagenacookingschool.com\/es\/wp-json\/wp\/v2\/product_tag?post=229628"}],"curies":[{"name":"wp","href":"https:\/\/api.w.org\/{rel}","templated":true}]}}