{"id":229627,"date":"2024-01-05T07:13:36","date_gmt":"2024-01-05T06:13:36","guid":{"rendered":"https:\/\/nuevo.cartagenacookingschool.com\/?post_type=product&#038;p=229627"},"modified":"2024-01-18T03:48:52","modified_gmt":"2024-01-18T02:48:52","slug":"tour-por-el-mercado","status":"publish","type":"product","link":"https:\/\/nuevo.cartagenacookingschool.com\/es\/producto\/tour-por-el-mercado\/","title":{"rendered":"Tour Por El Mercado"},"content":{"rendered":"<h2>Turismo y Gastronom\u00eda por el Mercado Bazurto<\/h2>\n<p>Emb\u00e1rcate en una experiencia \u00fanica de Turismo y Gastronom\u00eda explorando el colorido Mercado Bazurto. Descubre la autenticidad de Cartagena a trav\u00e9s de sus ingredientes frescos y vibrantes. Desde la historia local hasta la degustaci\u00f3n de sabores \u00fanicos, nuestro recorrido combina la riqueza cultural con la delicia culinaria. \u00a1Reserva ahora y sum\u00e9rgete en un viaje inolvidable lleno de sabores y descubrimientos!<\/p>\n<ul>\n<li class=\"bullet-checkmark\">M\u00cdNIMO DOS PERSONAS<\/li>\n<li class=\"bullet-checkmark\">Cupos a solicitud<\/li>\n<li class=\"bullet-checkmark\">Clases en Ingles &amp; espa\u00f1ol<\/li>\n<li class=\"bullet-checkmark\">No requiere conocimiento previo<\/li>\n<\/ul>","protected":false},"excerpt":{"rendered":"<p>Turismo y Gastronom\u00eda por el Mercado Bazurto Emb\u00e1rcate en una experiencia \u00fanica de Turismo y Gastronom\u00eda explorando el colorido Mercado Bazurto. Descubre la autenticidad de Cartagena a trav\u00e9s de sus ingredientes frescos y vibrantes. Desde la historia local hasta la degustaci\u00f3n de sabores \u00fanicos, nuestro recorrido combina la riqueza cultural con la delicia culinaria. \u00a1Reserva [&hellip;]<\/p>","protected":false},"featured_media":229671,"comment_status":"closed","ping_status":"closed","template":"","meta":{"_et_pb_use_builder":"","_et_pb_old_content":"","_et_gb_content_width":""},"product_cat":[21],"product_tag":[],"aioseo_notices":[],"_links":{"self":[{"href":"https:\/\/nuevo.cartagenacookingschool.com\/es\/wp-json\/wp\/v2\/product\/229627"}],"collection":[{"href":"https:\/\/nuevo.cartagenacookingschool.com\/es\/wp-json\/wp\/v2\/product"}],"about":[{"href":"https:\/\/nuevo.cartagenacookingschool.com\/es\/wp-json\/wp\/v2\/types\/product"}],"replies":[{"embeddable":true,"href":"https:\/\/nuevo.cartagenacookingschool.com\/es\/wp-json\/wp\/v2\/comments?post=229627"}],"wp:featuredmedia":[{"embeddable":true,"href":"https:\/\/nuevo.cartagenacookingschool.com\/es\/wp-json\/wp\/v2\/media\/229671"}],"wp:attachment":[{"href":"https:\/\/nuevo.cartagenacookingschool.com\/es\/wp-json\/wp\/v2\/media?parent=229627"}],"wp:term":[{"taxonomy":"product_cat","embeddable":true,"href":"https:\/\/nuevo.cartagenacookingschool.com\/es\/wp-json\/wp\/v2\/product_cat?post=229627"},{"taxonomy":"product_tag","embeddable":true,"href":"https:\/\/nuevo.cartagenacookingschool.com\/es\/wp-json\/wp\/v2\/product_tag?post=229627"}],"curies":[{"name":"wp","href":"https:\/\/api.w.org\/{rel}","templated":true}]}}