{"id":229625,"date":"2024-01-05T07:12:59","date_gmt":"2024-01-05T06:12:59","guid":{"rendered":"https:\/\/nuevo.cartagenacookingschool.com\/?post_type=product&#038;p=229625"},"modified":"2024-01-18T03:49:31","modified_gmt":"2024-01-18T02:49:31","slug":"clase-postres-colombianos","status":"publish","type":"product","link":"https:\/\/nuevo.cartagenacookingschool.com\/es\/producto\/clase-postres-colombianos\/","title":{"rendered":"Postres Colombianos"},"content":{"rendered":"<h2>Postres Colombianos<\/h2>\n<p>Explora la dulzura de la tradici\u00f3n colombiana con nuestras clases especializadas en postres. Aprende a crear delicias aut\u00e9nticas que capturan la esencia de la reposter\u00eda colombiana. \u00a1Reserva tu clase de postres ahora y sum\u00e9rgete en un mundo de sabores exquisitos y t\u00e9cnicas dulces!<\/p>\n<ul>\n<li class=\"bullet-checkmark\">Lunes a s\u00e1bado<\/li>\n<li class=\"bullet-checkmark\">2 horas diarias<\/li>\n<li class=\"bullet-checkmark\">Cupos a solicitud<\/li>\n<li class=\"bullet-checkmark\">Clases en Ingles &amp; espa\u00f1ol<\/li>\n<li class=\"bullet-checkmark\">No requiere conocimiento previo<\/li>\n<\/ul>","protected":false},"excerpt":{"rendered":"<p>Postres Colombianos Explora la dulzura de la tradici\u00f3n colombiana con nuestras clases especializadas en postres. Aprende a crear delicias aut\u00e9nticas que capturan la esencia de la reposter\u00eda colombiana. \u00a1Reserva tu clase de postres ahora y sum\u00e9rgete en un mundo de sabores exquisitos y t\u00e9cnicas dulces! Lunes a s\u00e1bado 2 horas diarias Cupos a solicitud Clases [&hellip;]<\/p>","protected":false},"featured_media":229697,"comment_status":"closed","ping_status":"closed","template":"","meta":{"_et_pb_use_builder":"","_et_pb_old_content":"","_et_gb_content_width":""},"product_cat":[21],"product_tag":[],"aioseo_notices":[],"_links":{"self":[{"href":"https:\/\/nuevo.cartagenacookingschool.com\/es\/wp-json\/wp\/v2\/product\/229625"}],"collection":[{"href":"https:\/\/nuevo.cartagenacookingschool.com\/es\/wp-json\/wp\/v2\/product"}],"about":[{"href":"https:\/\/nuevo.cartagenacookingschool.com\/es\/wp-json\/wp\/v2\/types\/product"}],"replies":[{"embeddable":true,"href":"https:\/\/nuevo.cartagenacookingschool.com\/es\/wp-json\/wp\/v2\/comments?post=229625"}],"wp:featuredmedia":[{"embeddable":true,"href":"https:\/\/nuevo.cartagenacookingschool.com\/es\/wp-json\/wp\/v2\/media\/229697"}],"wp:attachment":[{"href":"https:\/\/nuevo.cartagenacookingschool.com\/es\/wp-json\/wp\/v2\/media?parent=229625"}],"wp:term":[{"taxonomy":"product_cat","embeddable":true,"href":"https:\/\/nuevo.cartagenacookingschool.com\/es\/wp-json\/wp\/v2\/product_cat?post=229625"},{"taxonomy":"product_tag","embeddable":true,"href":"https:\/\/nuevo.cartagenacookingschool.com\/es\/wp-json\/wp\/v2\/product_tag?post=229625"}],"curies":[{"name":"wp","href":"https:\/\/api.w.org\/{rel}","templated":true}]}}