{"id":229624,"date":"2024-01-05T07:12:38","date_gmt":"2024-01-05T06:12:38","guid":{"rendered":"https:\/\/nuevo.cartagenacookingschool.com\/?post_type=product&#038;p=229624"},"modified":"2024-01-05T08:37:17","modified_gmt":"2024-01-05T07:37:17","slug":"clase-foods-drinks","status":"publish","type":"product","link":"https:\/\/nuevo.cartagenacookingschool.com\/es\/producto\/clase-foods-drinks\/","title":{"rendered":"Clase Foods &#038; Drinks"},"content":{"rendered":"<p>Descubre el mundo de Food &amp; Drinks a trav\u00e9s de nuestras clases especializadas. Explora la fusi\u00f3n de sabores y t\u00e9cnicas mientras aprendes a preparar deliciosas combinaciones. Reserva ahora tu clase y sum\u00e9rgete en una experiencia \u00fanica de creaci\u00f3n culinaria y mixolog\u00eda. \u00a1Eleva tu habilidad en la cocina y en la barra!<\/p>\n<ul>\n<li class=\"bullet-checkmark\">Lunes a s\u00e1bado<\/li>\n<li class=\"bullet-checkmark\">4:00 pm a 7:00 pm<\/li>\n<li class=\"bullet-checkmark\">Abiertas 10 pax<\/li>\n<li class=\"bullet-checkmark\">Clases en Ingles &amp; espa\u00f1ol<\/li>\n<li class=\"bullet-checkmark\">No requiere conocimiento previo<\/li>\n<\/ul>","protected":false},"excerpt":{"rendered":"<p>Descubre el mundo de Food &amp; Drinks a trav\u00e9s de nuestras clases especializadas. Explora la fusi\u00f3n de sabores y t\u00e9cnicas mientras aprendes a preparar deliciosas combinaciones. Reserva ahora tu clase y sum\u00e9rgete en una experiencia \u00fanica de creaci\u00f3n culinaria y mixolog\u00eda. \u00a1Eleva tu habilidad en la cocina y en la barra! Lunes a s\u00e1bado 4:00 [&hellip;]<\/p>","protected":false},"featured_media":229665,"comment_status":"closed","ping_status":"closed","template":"","meta":{"_et_pb_use_builder":"","_et_pb_old_content":"","_et_gb_content_width":""},"product_cat":[21],"product_tag":[],"aioseo_notices":[],"_links":{"self":[{"href":"https:\/\/nuevo.cartagenacookingschool.com\/es\/wp-json\/wp\/v2\/product\/229624"}],"collection":[{"href":"https:\/\/nuevo.cartagenacookingschool.com\/es\/wp-json\/wp\/v2\/product"}],"about":[{"href":"https:\/\/nuevo.cartagenacookingschool.com\/es\/wp-json\/wp\/v2\/types\/product"}],"replies":[{"embeddable":true,"href":"https:\/\/nuevo.cartagenacookingschool.com\/es\/wp-json\/wp\/v2\/comments?post=229624"}],"wp:featuredmedia":[{"embeddable":true,"href":"https:\/\/nuevo.cartagenacookingschool.com\/es\/wp-json\/wp\/v2\/media\/229665"}],"wp:attachment":[{"href":"https:\/\/nuevo.cartagenacookingschool.com\/es\/wp-json\/wp\/v2\/media?parent=229624"}],"wp:term":[{"taxonomy":"product_cat","embeddable":true,"href":"https:\/\/nuevo.cartagenacookingschool.com\/es\/wp-json\/wp\/v2\/product_cat?post=229624"},{"taxonomy":"product_tag","embeddable":true,"href":"https:\/\/nuevo.cartagenacookingschool.com\/es\/wp-json\/wp\/v2\/product_tag?post=229624"}],"curies":[{"name":"wp","href":"https:\/\/api.w.org\/{rel}","templated":true}]}}