{"id":229623,"date":"2024-01-05T07:11:44","date_gmt":"2024-01-05T06:11:44","guid":{"rendered":"https:\/\/nuevo.cartagenacookingschool.com\/?post_type=product&#038;p=229623"},"modified":"2024-01-18T03:42:18","modified_gmt":"2024-01-18T02:42:18","slug":"clase-de-cocteleria","status":"publish","type":"product","link":"https:\/\/nuevo.cartagenacookingschool.com\/es\/producto\/clase-de-cocteleria\/","title":{"rendered":"Clase de Cocteler\u00eda"},"content":{"rendered":"<h2>Clases de cocteler\u00eda<\/h2>\n<p>Explora el arte de la cocteler\u00eda con nuestras clases especializadas. Sum\u00e9rgete en la creatividad detr\u00e1s de los sabores, aprende t\u00e9cnicas profesionales y eleva tus habilidades de mezcla. \u00a1Reserva tu experiencia de clases de cocteler\u00eda y descubre el mundo fascinante de los c\u00f3cteles!<\/p>\n<ul>\n<li class=\"bullet-checkmark\">Lunes a s\u00e1bado<\/li>\n<li class=\"bullet-checkmark\">5:00 pm a 7:00 pm<\/li>\n<li class=\"bullet-checkmark\">Abiertas 10 pax<\/li>\n<li class=\"bullet-checkmark\">Clases en Ingles &amp; espa\u00f1ol<\/li>\n<li class=\"bullet-checkmark\">No requiere conocimiento previo<\/li>\n<\/ul>","protected":false},"excerpt":{"rendered":"<p>Clases de cocteler\u00eda Explora el arte de la cocteler\u00eda con nuestras clases especializadas. Sum\u00e9rgete en la creatividad detr\u00e1s de los sabores, aprende t\u00e9cnicas profesionales y eleva tus habilidades de mezcla. \u00a1Reserva tu experiencia de clases de cocteler\u00eda y descubre el mundo fascinante de los c\u00f3cteles! Lunes a s\u00e1bado 5:00 pm a 7:00 pm Abiertas 10 [&hellip;]<\/p>","protected":false},"featured_media":229708,"comment_status":"closed","ping_status":"closed","template":"","meta":{"_et_pb_use_builder":"","_et_pb_old_content":"","_et_gb_content_width":""},"product_cat":[20],"product_tag":[],"aioseo_notices":[],"_links":{"self":[{"href":"https:\/\/nuevo.cartagenacookingschool.com\/es\/wp-json\/wp\/v2\/product\/229623"}],"collection":[{"href":"https:\/\/nuevo.cartagenacookingschool.com\/es\/wp-json\/wp\/v2\/product"}],"about":[{"href":"https:\/\/nuevo.cartagenacookingschool.com\/es\/wp-json\/wp\/v2\/types\/product"}],"replies":[{"embeddable":true,"href":"https:\/\/nuevo.cartagenacookingschool.com\/es\/wp-json\/wp\/v2\/comments?post=229623"}],"wp:featuredmedia":[{"embeddable":true,"href":"https:\/\/nuevo.cartagenacookingschool.com\/es\/wp-json\/wp\/v2\/media\/229708"}],"wp:attachment":[{"href":"https:\/\/nuevo.cartagenacookingschool.com\/es\/wp-json\/wp\/v2\/media?parent=229623"}],"wp:term":[{"taxonomy":"product_cat","embeddable":true,"href":"https:\/\/nuevo.cartagenacookingschool.com\/es\/wp-json\/wp\/v2\/product_cat?post=229623"},{"taxonomy":"product_tag","embeddable":true,"href":"https:\/\/nuevo.cartagenacookingschool.com\/es\/wp-json\/wp\/v2\/product_tag?post=229623"}],"curies":[{"name":"wp","href":"https:\/\/api.w.org\/{rel}","templated":true}]}}