{"id":229620,"date":"2024-01-05T07:11:06","date_gmt":"2024-01-05T06:11:06","guid":{"rendered":"https:\/\/nuevo.cartagenacookingschool.com\/?post_type=product&#038;p=229620"},"modified":"2024-01-18T03:50:18","modified_gmt":"2024-01-18T02:50:18","slug":"clase-cocina-cartagenera","status":"publish","type":"product","link":"https:\/\/nuevo.cartagenacookingschool.com\/es\/producto\/clase-cocina-cartagenera\/","title":{"rendered":"Clase Cocina Cartagenera"},"content":{"rendered":"<p>Sum\u00e9rgete en la riqueza de la tradici\u00f3n gastron\u00f3mica de Cartagena mientras te embarcas en un viaje de sabores aut\u00e9nticos. Aprende los secretos detr\u00e1s de tres platos emblem\u00e1ticos:<\/p>\n<p><strong>Arroz de Coco y Posta Negra:<\/strong> Descubre la magia de combinar el arroz con el toque exquisito del coco y la intensidad de la posta negra. Una deliciosa mezcla de sabores que captura la esencia de la cocina cartagenera.<\/p>\n<p><strong>Boron\u00eda:<\/strong> Deja que la Boron\u00eda te transporte a la esencia misma de Cartagena. Aprende a mezclar los ingredientes perfectos para crear este plato tradicional que refleja la herencia culinaria \u00fanica de la regi\u00f3n.<\/p>\n<p><strong>Patacones y camarones:<\/strong> Sum\u00e9rgete en la creatividad gastron\u00f3mica con los patacones y camarones, una fusi\u00f3n de sabores donde los patacones se convierten en el ingrediente estrella. Descubre c\u00f3mo transformar ingredientes simples en una experiencia culinaria extraordinaria.<\/p>\n<ul>\n<li class=\"bullet-checkmark\">Lunes a s\u00e1bado<\/li>\n<li class=\"bullet-checkmark\">11:00 am a 2:00 pm<\/li>\n<li class=\"bullet-checkmark\">Cupos 14 pax<\/li>\n<li class=\"bullet-checkmark\">Clases en Ingles &amp; espa\u00f1ol<\/li>\n<li class=\"bullet-checkmark\">No requiere conocimiento previo<\/li>\n<\/ul>","protected":false},"excerpt":{"rendered":"<p>Sum\u00e9rgete en la riqueza de la tradici\u00f3n gastron\u00f3mica de Cartagena mientras te embarcas en un viaje de sabores aut\u00e9nticos. Aprende los secretos detr\u00e1s de tres platos emblem\u00e1ticos: Arroz de Coco y Posta Negra: Descubre la magia de combinar el arroz con el toque exquisito del coco y la intensidad de la posta negra. Una deliciosa [&hellip;]<\/p>","protected":false},"featured_media":229704,"comment_status":"closed","ping_status":"closed","template":"","meta":{"_et_pb_use_builder":"","_et_pb_old_content":"","_et_gb_content_width":""},"product_cat":[20],"product_tag":[],"aioseo_notices":[],"_links":{"self":[{"href":"https:\/\/nuevo.cartagenacookingschool.com\/es\/wp-json\/wp\/v2\/product\/229620"}],"collection":[{"href":"https:\/\/nuevo.cartagenacookingschool.com\/es\/wp-json\/wp\/v2\/product"}],"about":[{"href":"https:\/\/nuevo.cartagenacookingschool.com\/es\/wp-json\/wp\/v2\/types\/product"}],"replies":[{"embeddable":true,"href":"https:\/\/nuevo.cartagenacookingschool.com\/es\/wp-json\/wp\/v2\/comments?post=229620"}],"wp:featuredmedia":[{"embeddable":true,"href":"https:\/\/nuevo.cartagenacookingschool.com\/es\/wp-json\/wp\/v2\/media\/229704"}],"wp:attachment":[{"href":"https:\/\/nuevo.cartagenacookingschool.com\/es\/wp-json\/wp\/v2\/media?parent=229620"}],"wp:term":[{"taxonomy":"product_cat","embeddable":true,"href":"https:\/\/nuevo.cartagenacookingschool.com\/es\/wp-json\/wp\/v2\/product_cat?post=229620"},{"taxonomy":"product_tag","embeddable":true,"href":"https:\/\/nuevo.cartagenacookingschool.com\/es\/wp-json\/wp\/v2\/product_tag?post=229620"}],"curies":[{"name":"wp","href":"https:\/\/api.w.org\/{rel}","templated":true}]}}