{"id":229619,"date":"2024-01-05T07:10:48","date_gmt":"2024-01-05T06:10:48","guid":{"rendered":"https:\/\/nuevo.cartagenacookingschool.com\/?post_type=product&#038;p=229619"},"modified":"2024-01-18T03:50:26","modified_gmt":"2024-01-18T02:50:26","slug":"clase-cocina-colombiana","status":"publish","type":"product","link":"https:\/\/nuevo.cartagenacookingschool.com\/es\/producto\/clase-cocina-colombiana\/","title":{"rendered":"Clase Cocina Colombiana"},"content":{"rendered":"<h2><strong>Clase Comida Colombiana<\/strong><\/h2>\n<p>sum\u00e9rgete en el delicioso mundo de la comida colombiana. Descubre los secretos detr\u00e1s de tres platillos emblem\u00e1ticos mientras aprendes a cocinar con autenticidad y sabor. Desde el exquisito Pescado en Salsa Criolla, pasando por las irresistibles Arepas Rellenas, hasta los sabrosos Camarones al Ajillo, cada receta te llevar\u00e1 a un viaje sensorial a trav\u00e9s de los sabores \u00fanicos de la gastronom\u00eda colombiana.<\/p>\n<p><strong>Aprende a cocinar:<\/strong><\/p>\n<ul>\n<li>Pescado en salsa criolla.<\/li>\n<li>Arepas Rellenas.<\/li>\n<li>Camarones al ajillo.<\/li>\n<\/ul>\n<p>&nbsp;<\/p>\n<ul>\n<li>Lunes a s\u00e1bado<\/li>\n<li>11:00 am a 2:00 pm<\/li>\n<li>Cupos 14 pax<\/li>\n<li>Clases en Ingles &amp; espa\u00f1ol<\/li>\n<li>No requiere conocimiento previo<\/li>\n<\/ul>","protected":false},"excerpt":{"rendered":"<p>Clase Comida Colombiana sum\u00e9rgete en el delicioso mundo de la comida colombiana. Descubre los secretos detr\u00e1s de tres platillos emblem\u00e1ticos mientras aprendes a cocinar con autenticidad y sabor. Desde el exquisito Pescado en Salsa Criolla, pasando por las irresistibles Arepas Rellenas, hasta los sabrosos Camarones al Ajillo, cada receta te llevar\u00e1 a un viaje sensorial [&hellip;]<\/p>","protected":false},"featured_media":229713,"comment_status":"closed","ping_status":"closed","template":"","meta":{"_et_pb_use_builder":"","_et_pb_old_content":"","_et_gb_content_width":""},"product_cat":[20],"product_tag":[],"aioseo_notices":[],"_links":{"self":[{"href":"https:\/\/nuevo.cartagenacookingschool.com\/es\/wp-json\/wp\/v2\/product\/229619"}],"collection":[{"href":"https:\/\/nuevo.cartagenacookingschool.com\/es\/wp-json\/wp\/v2\/product"}],"about":[{"href":"https:\/\/nuevo.cartagenacookingschool.com\/es\/wp-json\/wp\/v2\/types\/product"}],"replies":[{"embeddable":true,"href":"https:\/\/nuevo.cartagenacookingschool.com\/es\/wp-json\/wp\/v2\/comments?post=229619"}],"wp:featuredmedia":[{"embeddable":true,"href":"https:\/\/nuevo.cartagenacookingschool.com\/es\/wp-json\/wp\/v2\/media\/229713"}],"wp:attachment":[{"href":"https:\/\/nuevo.cartagenacookingschool.com\/es\/wp-json\/wp\/v2\/media?parent=229619"}],"wp:term":[{"taxonomy":"product_cat","embeddable":true,"href":"https:\/\/nuevo.cartagenacookingschool.com\/es\/wp-json\/wp\/v2\/product_cat?post=229619"},{"taxonomy":"product_tag","embeddable":true,"href":"https:\/\/nuevo.cartagenacookingschool.com\/es\/wp-json\/wp\/v2\/product_tag?post=229619"}],"curies":[{"name":"wp","href":"https:\/\/api.w.org\/{rel}","templated":true}]}}